{"id":241,"date":"2020-08-07T16:19:58","date_gmt":"2020-08-07T14:19:58","guid":{"rendered":"http:\/\/upplevalpacka.se\/?page_id=241"},"modified":"2026-01-17T23:26:39","modified_gmt":"2026-01-17T22:26:39","slug":"bokning","status":"publish","type":"page","link":"http:\/\/upplevalpacka.se\/?page_id=241","title":{"rendered":"Boka bes\u00f6k"},"content":{"rendered":"\n<p class=\"has-text-align-left\">Vi tar emot <strong>inbokade<\/strong> bes\u00f6k l\u00f6rdagar kl 11.00 och kl 14:30.<br><br><strong>V\u00e4lj<\/strong> det datum du (och eventuellt s\u00e4llskap) vill komma i kalendern nedan, bl\u00e5 datum l\u00f6rdag, s\u00e5 dyker tillg\u00e4ngliga tider upp. (\u00c4r datumet svart\/\u00f6verstruket, \u00e4r det fullbokat den dagen). <br><br><strong>V\u00e4lj din tid och n\u00e4r din tid dyker upp nere till v\u00e4nster, st\u00e4nger du datumf\u00e4ltet, och fyller i f\u00e4lten under. <\/strong>N\u00e4r bokningen \u00e4r genomf\u00f6rd skickas du till v\u00e5r startsida, och du f\u00e5r ett bekr\u00e4ftelsemail (ibland kan de hamna i din skr\u00e4ppost). <br><br>Bokningen g\u00e4ller f\u00f6r dig och dem du v\u00e4ljer att ta med dig, s\u00e5 \u00e4ven om ni \u00e4r flera g\u00f6r du bara en bokning f\u00f6r dig och dit s\u00e4llskap.<br><br><strong>Hittar du inget bekr\u00e4ftelsemail?<\/strong> Kolla din skr\u00e4ppost. Annars kan du kontakta oss p\u00e5 info@upplevalpacka.se<br><br><strong>Om du har en bokning och f\u00e5tt f\u00f6rhinder, <\/strong>meddela oss snarast m\u00f6jligt p\u00e5 info@upplevalpacka.se<br><br><strong>ENGLISH:<br>Choose the date that you (and your company) want to visit, please note we only have guidings Saturdays. Available time slots will be visible. (if the date has a line througt it, it is fully booked). Choose your time slot an complete with your phone number (Ditt telefonnummer), your name (Ditt namn), yor email address (Din e-post). In the Kommentarer section you can add how many you are or write down questions. The booking is on the time slot, so you only make one booking, even if you are a group.<\/strong><\/p>\n\n\n\n[CPABC_APPOINTMENT_CALENDAR]\n\n\n\n<p><\/p>\n","protected":false},"excerpt":{"rendered":"<p>Vi tar emot inbokade bes\u00f6k l\u00f6rdagar kl 11.00 och kl 14:30. V\u00e4lj det datum du (och eventuellt s\u00e4llskap) vill komma i kalendern nedan, bl\u00e5 datum l\u00f6rdag, s\u00e5 dyker tillg\u00e4ngliga tider upp. (\u00c4r datumet svart\/\u00f6verstruket, \u00e4r det fullbokat den dagen). V\u00e4lj din tid och n\u00e4r din tid dyker upp nere till v\u00e4nster, st\u00e4nger du datumf\u00e4ltet, och&#8230;<\/p>\n","protected":false},"author":1,"featured_media":0,"parent":2,"menu_order":2,"comment_status":"closed","ping_status":"closed","template":"","meta":{"footnotes":""},"class_list":["post-241","page","type-page","status-publish","hentry"],"_links":{"self":[{"href":"http:\/\/upplevalpacka.se\/index.php?rest_route=\/wp\/v2\/pages\/241","targetHints":{"allow":["GET"]}}],"collection":[{"href":"http:\/\/upplevalpacka.se\/index.php?rest_route=\/wp\/v2\/pages"}],"about":[{"href":"http:\/\/upplevalpacka.se\/index.php?rest_route=\/wp\/v2\/types\/page"}],"author":[{"embeddable":true,"href":"http:\/\/upplevalpacka.se\/index.php?rest_route=\/wp\/v2\/users\/1"}],"replies":[{"embeddable":true,"href":"http:\/\/upplevalpacka.se\/index.php?rest_route=%2Fwp%2Fv2%2Fcomments&post=241"}],"version-history":[{"count":58,"href":"http:\/\/upplevalpacka.se\/index.php?rest_route=\/wp\/v2\/pages\/241\/revisions"}],"predecessor-version":[{"id":486,"href":"http:\/\/upplevalpacka.se\/index.php?rest_route=\/wp\/v2\/pages\/241\/revisions\/486"}],"up":[{"embeddable":true,"href":"http:\/\/upplevalpacka.se\/index.php?rest_route=\/wp\/v2\/pages\/2"}],"wp:attachment":[{"href":"http:\/\/upplevalpacka.se\/index.php?rest_route=%2Fwp%2Fv2%2Fmedia&parent=241"}],"curies":[{"name":"wp","href":"https:\/\/api.w.org\/{rel}","templated":true}]}}