{"id":34,"date":"2016-05-22T23:02:17","date_gmt":"2016-05-22T21:02:17","guid":{"rendered":"http:\/\/upplevalpacka.se\/?page_id=34"},"modified":"2023-06-25T17:19:32","modified_gmt":"2023-06-25T15:19:32","slug":"bra-att-veta-infor-ditt-besok","status":"publish","type":"page","link":"http:\/\/upplevalpacka.se\/?page_id=34","title":{"rendered":"Inf\u00f6r ditt bes\u00f6k"},"content":{"rendered":"<p>Alpackorna \u00e4r v\u00e4ldigt nyfikna! Men de gillar inte att bli klappade. D\u00e4rf\u00f6r finns vid varje tillf\u00e4lle m\u00f6jlighet att k\u00e4nna p\u00e5 deras ull i l\u00e5dor, s\u00e5 att du f\u00e5r m\u00f6jlighet att k\u00e4nna och lukta p\u00e5 deras underbara ull!<\/p>\n<p>Eftersom det kan vara b\u00e5de bl\u00f6tt och smutsigt i hagarna rekommenderas <strong>vattent\u00e5liga och o\u00f6mma skor<\/strong>.<\/p>\n<p>Vid bes\u00f6k p\u00e5 g\u00e5rden s\u00e5<strong> sprita h\u00e4nderna<\/strong> innan och efter bes\u00f6ket inne hos alpackorna \u2013 f\u00f6r din egen och alpackornas skull. Vi har handsprit p\u00e5 plats. Handfat med tv\u00e5l och kallt vatten finns inne i stallet, om man f\u00f6redrar det.<\/p>\n<p><strong>V\u00e5ra alpackor \u00e4r inte vana vid hundar.<\/strong> Om ni har en hund ni beh\u00f6ver ha med er, l\u00e5t den vara i bilen med \u00f6ppen baklucka om det \u00e4r mulet och svalt. \u00c4r det hett ute har vi tv\u00e5 h\u00e4stboxar i stallet d\u00e4r man kan ha sin hund under bes\u00f6ket, s\u00e5 har den skugga och kan f\u00e5 lite vatten ocks\u00e5.<\/p>\n","protected":false},"excerpt":{"rendered":"<p>Alpackorna \u00e4r v\u00e4ldigt nyfikna! Men de gillar inte att bli klappade. D\u00e4rf\u00f6r finns vid varje tillf\u00e4lle m\u00f6jlighet att k\u00e4nna p\u00e5 deras ull i l\u00e5dor, s\u00e5 att du f\u00e5r m\u00f6jlighet att k\u00e4nna och lukta p\u00e5 deras underbara ull! Eftersom det kan vara b\u00e5de bl\u00f6tt och smutsigt i hagarna rekommenderas vattent\u00e5liga och o\u00f6mma skor. Vid bes\u00f6k p\u00e5&#8230;<\/p>\n","protected":false},"author":1,"featured_media":0,"parent":2,"menu_order":3,"comment_status":"closed","ping_status":"closed","template":"","meta":{"footnotes":""},"class_list":["post-34","page","type-page","status-publish","hentry"],"_links":{"self":[{"href":"http:\/\/upplevalpacka.se\/index.php?rest_route=\/wp\/v2\/pages\/34","targetHints":{"allow":["GET"]}}],"collection":[{"href":"http:\/\/upplevalpacka.se\/index.php?rest_route=\/wp\/v2\/pages"}],"about":[{"href":"http:\/\/upplevalpacka.se\/index.php?rest_route=\/wp\/v2\/types\/page"}],"author":[{"embeddable":true,"href":"http:\/\/upplevalpacka.se\/index.php?rest_route=\/wp\/v2\/users\/1"}],"replies":[{"embeddable":true,"href":"http:\/\/upplevalpacka.se\/index.php?rest_route=%2Fwp%2Fv2%2Fcomments&post=34"}],"version-history":[{"count":3,"href":"http:\/\/upplevalpacka.se\/index.php?rest_route=\/wp\/v2\/pages\/34\/revisions"}],"predecessor-version":[{"id":305,"href":"http:\/\/upplevalpacka.se\/index.php?rest_route=\/wp\/v2\/pages\/34\/revisions\/305"}],"up":[{"embeddable":true,"href":"http:\/\/upplevalpacka.se\/index.php?rest_route=\/wp\/v2\/pages\/2"}],"wp:attachment":[{"href":"http:\/\/upplevalpacka.se\/index.php?rest_route=%2Fwp%2Fv2%2Fmedia&parent=34"}],"curies":[{"name":"wp","href":"https:\/\/api.w.org\/{rel}","templated":true}]}}