{"id":427,"date":"2022-04-02T18:17:21","date_gmt":"2022-04-02T16:17:21","guid":{"rendered":"http:\/\/upplevalpacka.se\/?page_id=427"},"modified":"2023-06-25T17:06:47","modified_gmt":"2023-06-25T15:06:47","slug":"alpackor-till-salu","status":"publish","type":"page","link":"http:\/\/upplevalpacka.se\/?page_id=427","title":{"rendered":"Alpackor till salu"},"content":{"rendered":"\n<p>Funderar du p\u00e5 att skaffa alpackor? Vi har alpackor till salu fr\u00e5n 10 000:-\/djur och upp\u00e5t.<br>Kontakta oss p\u00e5 info@upplevalpacka.se, s\u00e5 hj\u00e4lper vi dig att hitta de alpackor du s\u00f6ker. <br><br><strong>Vi hj\u00e4lper till med r\u00e5dgivning b\u00e5de inf\u00f6r ditt k\u00f6p och efter k\u00f6pet.<\/strong><br>Helst vill vi att du kommer till oss p\u00e5 bes\u00f6k, s\u00e5 att vi kan visa hur vi ordnat med st\u00e4ngsel, ligghallar, vattenkar m m. Och s\u00e5 att du kan tr\u00e4ffa alpackorna! <br><br>N\u00e4r du k\u00f6per alpackor av oss levereras de alltid avmaskade och veterin\u00e4rbesiktigade, och med nyklippta klor.<br><br>Alla v\u00e5ra alpackor \u00e4r hanterade och grimtr\u00e4nade. Inf\u00f6r varje f\u00f6rs\u00e4ljning ser vi till att tr\u00e4na alpackorna lite extra f\u00f6r att underl\u00e4tta f\u00f6r dig och f\u00f6r att all tr\u00e4ning \u00e4r lite f\u00e4rskvara.<br><br><strong>N\u00e5gra saker att t\u00e4nka p\u00e5 inf\u00f6r ditt k\u00f6p:<\/strong><br>Du beh\u00f6ver ha minst tre alpackor f\u00f6r att de ska m\u00e5 bra. Dessa ska vara av samma k\u00f6n. Man kan ha hingstar och valacker tillsammans, men det \u00e4r on\u00f6digt att ha egen hingst om man inte vill syssla med avel. Ston b\u00f6r inte g\u00e5 med valacker, utan bara med andra ston.<br><br>R\u00e4kna med att du beh\u00f6ver ca 1 ha bete till 10 alpackor.<br><br>Alpackorna kommer att beh\u00f6va en torr ligghall d\u00e4r de kan f\u00e5 skydd mot v\u00e4der och vind.<br>Ligghallen b\u00f6r vara minst 10 kvm f\u00f6r 3 alpackor. <br>Vi har en ligghall p\u00e5 48 kvm som \u00e4r godk\u00e4nd f\u00f6r 17 alpackor.<br><br>Vi rekommenderar viltst\u00e4ngsel (som f\u00e5rst\u00e4ngsel men med &#8221;l\u00e4gre&#8221; rutor nedtill), f\u00f6r skydd mot l\u00f6sspringande hundar och rovdjur, och s\u00e5 kan de inte sticka ut huvudet genom rutorna f\u00f6r att n\u00e5 gr\u00e4s p\u00e5 andra sidan st\u00e4ngslet.<br><strong><br>N\u00e5gra saker att fundera p\u00e5 n\u00e4r du v\u00e4ljer alpackor<\/strong><br>Vad vill du ha dem till? <br><br>Alpackor \u00e4r fantastiska sly\u00e4tare (de \u00e4lskar s\u00e4lg!), och d\u00e5 kan du k\u00f6pa valacker eller ston som inte har s\u00e5 fin ullkvalitet, som t ex lite \u00e4ldre djur. D\u00e5 blir det oftast ett l\u00e4gre pris.<br><br>\u00c4r du intresserad av att spinna och sticka och arbeta med ullen, v\u00e4ljer du djur av god ullkvalitet.<br><br>Vill du ha bes\u00f6ksverksamhet s\u00e5 vill du ha sociala och nyfikna alpackor.<br><br>Man kan \u00e4ven promenera och klickertr\u00e4na alpackor, s\u00e5 d\u00e5 vill du ha alpackor som \u00e4r l\u00e4ttr\u00e4nade och intresserade.<br><br>Vill du pyssla med avel &#8211; fundera p\u00e5 vilken niv\u00e5 du vill avla p\u00e5. Kanske har du inte r\u00e5d med de allra dyraste djuren, men vill \u00e4nd\u00e5 ha f\u00f6l? D\u00e5 finns avelsdjur av alla m\u00f6jliga kvaliteter, som ger fina f\u00f6l \u00e4ven om alla inte kommer att bli champions i ullutst\u00e4llningar, men \u00e4nd\u00e5 ge god kvalitet p\u00e5 f\u00f6len.<br><br>Vilken ras vill du ha? Huacaya eller suri? Eller b\u00e5de och?<br><strong><br>Vi har alpackor som passar f\u00f6r de flesta \u00e4ndam\u00e5l beskrivna ovan, s\u00e5 h\u00f6r av dig till oss med dina funderingar, s\u00e5 hj\u00e4lper vi dig.<\/strong><br><br><br> <br><br><br><br><br><\/p>\n","protected":false},"excerpt":{"rendered":"<p>Funderar du p\u00e5 att skaffa alpackor? Vi har alpackor till salu fr\u00e5n 10 000:-\/djur och upp\u00e5t.Kontakta oss p\u00e5 info@upplevalpacka.se, s\u00e5 hj\u00e4lper vi dig att hitta de alpackor du s\u00f6ker. Vi hj\u00e4lper till med r\u00e5dgivning b\u00e5de inf\u00f6r ditt k\u00f6p och efter k\u00f6pet.Helst vill vi att du kommer till oss p\u00e5 bes\u00f6k, s\u00e5 att vi kan visa&#8230;<\/p>\n","protected":false},"author":1,"featured_media":0,"parent":0,"menu_order":2,"comment_status":"closed","ping_status":"closed","template":"","meta":{"footnotes":""},"class_list":["post-427","page","type-page","status-publish","hentry"],"_links":{"self":[{"href":"http:\/\/upplevalpacka.se\/index.php?rest_route=\/wp\/v2\/pages\/427","targetHints":{"allow":["GET"]}}],"collection":[{"href":"http:\/\/upplevalpacka.se\/index.php?rest_route=\/wp\/v2\/pages"}],"about":[{"href":"http:\/\/upplevalpacka.se\/index.php?rest_route=\/wp\/v2\/types\/page"}],"author":[{"embeddable":true,"href":"http:\/\/upplevalpacka.se\/index.php?rest_route=\/wp\/v2\/users\/1"}],"replies":[{"embeddable":true,"href":"http:\/\/upplevalpacka.se\/index.php?rest_route=%2Fwp%2Fv2%2Fcomments&post=427"}],"version-history":[{"count":2,"href":"http:\/\/upplevalpacka.se\/index.php?rest_route=\/wp\/v2\/pages\/427\/revisions"}],"predecessor-version":[{"id":429,"href":"http:\/\/upplevalpacka.se\/index.php?rest_route=\/wp\/v2\/pages\/427\/revisions\/429"}],"wp:attachment":[{"href":"http:\/\/upplevalpacka.se\/index.php?rest_route=%2Fwp%2Fv2%2Fmedia&parent=427"}],"curies":[{"name":"wp","href":"https:\/\/api.w.org\/{rel}","templated":true}]}}